{"id":219,"date":"2017-03-09T15:38:30","date_gmt":"2017-03-09T14:38:30","guid":{"rendered":"http:\/\/morda.multibabirel.ch\/?page_id=219"},"modified":"2017-03-11T14:28:01","modified_gmt":"2017-03-11T13:28:01","slug":"tronches-de-vie","status":"publish","type":"page","link":"http:\/\/www.morda.ch\/index.php\/tronches-de-vie\/","title":{"rendered":"Tronches de vie"},"content":{"rendered":"<p>[et_pb_section admin_label=\u00a0\u00bbSection\u00a0\u00bb fullwidth=\u00a0\u00bbon\u00a0\u00bb specialty=\u00a0\u00bboff\u00a0\u00bb][et_pb_fullwidth_image admin_label=\u00a0\u00bbImage en pleine largeur\u00a0\u00bb src=\u00a0\u00bbhttp:\/\/morda.multibabirel.ch\/wp-content\/uploads\/2017\/03\/bandeau_morda_2_4_chanson.jpg\u00a0\u00bb show_in_lightbox=\u00a0\u00bboff\u00a0\u00bb url_new_window=\u00a0\u00bboff\u00a0\u00bb use_overlay=\u00a0\u00bboff\u00a0\u00bb animation=\u00a0\u00bbleft\u00a0\u00bb use_border_color=\u00a0\u00bboff\u00a0\u00bb border_color=\u00a0\u00bb#ffffff\u00a0\u00bb border_style=\u00a0\u00bbsolid\u00a0\u00bb] [\/et_pb_fullwidth_image][\/et_pb_section][et_pb_section admin_label=\u00a0\u00bbsection\u00a0\u00bb][et_pb_row admin_label=\u00a0\u00bbrow\u00a0\u00bb][et_pb_column type=\u00a0\u00bb1_2&Prime;][et_pb_text admin_label=\u00a0\u00bbTexte\u00a0\u00bb background_layout=\u00a0\u00bblight\u00a0\u00bb text_orientation=\u00a0\u00bbleft\u00a0\u00bb use_border_color=\u00a0\u00bboff\u00a0\u00bb border_color=\u00a0\u00bb#ffffff\u00a0\u00bb border_style=\u00a0\u00bbsolid\u00a0\u00bb]<\/p>\n<h2>TRONCHES DE VIE<\/h2>\n<p>Cette fen\u00eatre entrouverte sur mon plaisir d\u2019\u00e9crire et de composer reste encore pr\u00e9sente \u00e0 mon esprit. J\u2019ai plein d\u2019\u00e9bauches, de pi\u00e8ces de puzzle pour de nouvelles chansons en gestation ! Je dois trouver le temps de les faire na\u00eetre<\/p>\n<p>[\/et_pb_text][et_pb_audio admin_label=\u00a0\u00bbAudio\u00a0\u00bb audio=\u00a0\u00bbhttp:\/\/morda.multibabirel.ch\/wp-content\/uploads\/2017\/03\/1-Ils-Arrivent.m4a\u00a0\u00bb background_layout=\u00a0\u00bbdark\u00a0\u00bb use_border_color=\u00a0\u00bboff\u00a0\u00bb border_color=\u00a0\u00bb#ffffff\u00a0\u00bb border_style=\u00a0\u00bbsolid\u00a0\u00bb title=\u00a0\u00bbIls arrivent\u00a0\u00bb] [\/et_pb_audio][et_pb_audio admin_label=\u00a0\u00bbAudio\u00a0\u00bb audio=\u00a0\u00bbhttp:\/\/morda.multibabirel.ch\/wp-content\/uploads\/2017\/03\/2-Les-Dinosaures.m4a\u00a0\u00bb background_layout=\u00a0\u00bbdark\u00a0\u00bb use_border_color=\u00a0\u00bboff\u00a0\u00bb border_color=\u00a0\u00bb#ffffff\u00a0\u00bb border_style=\u00a0\u00bbsolid\u00a0\u00bb title=\u00a0\u00bbLes Dinosaures\u00a0\u00bb] [\/et_pb_audio][et_pb_audio admin_label=\u00a0\u00bbAudio\u00a0\u00bb audio=\u00a0\u00bbhttp:\/\/morda.multibabirel.ch\/wp-content\/uploads\/2017\/03\/3-Les-Piq\u00fbres.m4a\u00a0\u00bb background_layout=\u00a0\u00bbdark\u00a0\u00bb use_border_color=\u00a0\u00bboff\u00a0\u00bb border_color=\u00a0\u00bb#ffffff\u00a0\u00bb border_style=\u00a0\u00bbsolid\u00a0\u00bb title=\u00a0\u00bbLes Piq\u00fbres\u00a0\u00bb] [\/et_pb_audio][et_pb_audio admin_label=\u00a0\u00bbAudio\u00a0\u00bb audio=\u00a0\u00bbhttp:\/\/morda.multibabirel.ch\/wp-content\/uploads\/2017\/03\/4-La-Foule.m4a\u00a0\u00bb background_layout=\u00a0\u00bbdark\u00a0\u00bb use_border_color=\u00a0\u00bboff\u00a0\u00bb border_color=\u00a0\u00bb#ffffff\u00a0\u00bb border_style=\u00a0\u00bbsolid\u00a0\u00bb title=\u00a0\u00bbLa Foule\u00a0\u00bb] [\/et_pb_audio][\/et_pb_column][et_pb_column type=\u00a0\u00bb1_2&Prime;][et_pb_gallery admin_label=\u00a0\u00bbGalerie\u00a0\u00bb gallery_ids=\u00a0\u00bb239,238,237,236&Prime; fullwidth=\u00a0\u00bbon\u00a0\u00bb orientation=\u00a0\u00bblandscape\u00a0\u00bb show_title_and_caption=\u00a0\u00bbon\u00a0\u00bb show_pagination=\u00a0\u00bbon\u00a0\u00bb background_layout=\u00a0\u00bblight\u00a0\u00bb auto=\u00a0\u00bboff\u00a0\u00bb hover_overlay_color=\u00a0\u00bbrgba(255,255,255,0.9)\u00a0\u00bb use_border_color=\u00a0\u00bboff\u00a0\u00bb border_color=\u00a0\u00bb#ffffff\u00a0\u00bb border_style=\u00a0\u00bbsolid\u00a0\u00bb] [\/et_pb_gallery][\/et_pb_column][\/et_pb_row][\/et_pb_section]<\/p>\n","protected":false},"excerpt":{"rendered":"<p>TRONCHES DE VIE Cette fen\u00eatre entrouverte sur mon plaisir d\u2019\u00e9crire et de composer reste encore pr\u00e9sente \u00e0 mon esprit. J\u2019ai plein d\u2019\u00e9bauches, de pi\u00e8ces de puzzle pour de nouvelles chansons en gestation ! Je dois trouver le temps de les faire na\u00eetre<\/p>\n","protected":false},"author":1,"featured_media":0,"parent":0,"menu_order":0,"comment_status":"closed","ping_status":"closed","template":"","meta":{"_et_pb_use_builder":"on","_et_pb_old_content":"","_et_gb_content_width":"","footnotes":""},"class_list":["post-219","page","type-page","status-publish","hentry"],"_links":{"self":[{"href":"http:\/\/www.morda.ch\/index.php\/wp-json\/wp\/v2\/pages\/219","targetHints":{"allow":["GET"]}}],"collection":[{"href":"http:\/\/www.morda.ch\/index.php\/wp-json\/wp\/v2\/pages"}],"about":[{"href":"http:\/\/www.morda.ch\/index.php\/wp-json\/wp\/v2\/types\/page"}],"author":[{"embeddable":true,"href":"http:\/\/www.morda.ch\/index.php\/wp-json\/wp\/v2\/users\/1"}],"replies":[{"embeddable":true,"href":"http:\/\/www.morda.ch\/index.php\/wp-json\/wp\/v2\/comments?post=219"}],"version-history":[{"count":6,"href":"http:\/\/www.morda.ch\/index.php\/wp-json\/wp\/v2\/pages\/219\/revisions"}],"predecessor-version":[{"id":358,"href":"http:\/\/www.morda.ch\/index.php\/wp-json\/wp\/v2\/pages\/219\/revisions\/358"}],"wp:attachment":[{"href":"http:\/\/www.morda.ch\/index.php\/wp-json\/wp\/v2\/media?parent=219"}],"curies":[{"name":"wp","href":"https:\/\/api.w.org\/{rel}","templated":true}]}}